{"id":2,"date":"2016-05-10T03:48:21","date_gmt":"2016-05-10T03:48:21","guid":{"rendered":"https:\/\/test.strahlende-augen.info\/?page_id=2"},"modified":"2023-07-20T09:41:55","modified_gmt":"2023-07-20T09:41:55","slug":"impressum","status":"publish","type":"page","link":"https:\/\/test.strahlende-augen.info\/?page_id=2","title":{"rendered":"Impressum"},"content":{"rendered":"\t\t<div data-elementor-type=\"wp-page\" data-elementor-id=\"2\" class=\"elementor elementor-2\">\n\t\t\t\t\t\t<section class=\"elementor-section elementor-top-section elementor-element elementor-element-73611dd1 elementor-section-boxed elementor-section-height-default elementor-section-height-default\" data-id=\"73611dd1\" data-element_type=\"section\">\n\t\t\t\t\t\t<div class=\"elementor-container elementor-column-gap-default\">\n\t\t\t\t\t<div class=\"elementor-column elementor-col-100 elementor-top-column elementor-element elementor-element-42b60e8a\" data-id=\"42b60e8a\" data-element_type=\"column\">\n\t\t\t<div class=\"elementor-widget-wrap elementor-element-populated\">\n\t\t\t\t\t\t<div class=\"elementor-element elementor-element-292c1f40 elementor-widget elementor-widget-text-editor\" data-id=\"292c1f40\" data-element_type=\"widget\" data-widget_type=\"text-editor.default\">\n\t\t\t\t<div class=\"elementor-widget-container\">\n\t\t\t\t\t\t\t\t\t<h3>Verantwortlich f\u00fcr den Inhalt nach \u00a7 6 MDStV<\/h3>\n<p>CP Royal Rangers<br>Benjamin Hoffmann<br>Fabrikstra\u00dfe 10<br>73650 Winterbach<\/p>\n<h3>Webmaster<\/h3>\n<p>Michael Lux, Andreas Nusser&nbsp;<br><span id=\"cloak6cce8808fd5e1c2b3483d640feb1599f\"><a href=\"mailto:webmaster@royal-rangers.de\">webmaster@royal-rangers.de<\/a><\/span><\/p>\n<h3>Copyrights \/ Urheberrechte<\/h3>\n<div>Alle Rechte und Copyrights der in unserer Homepage ver\u00f6ffentlichten Bilder, Grafiken und Texte (auch auszugsweise) vorbehalten.<\/div>\n<div>&nbsp;<\/div>\n<div>\n<h3>Haftungsausschluss<\/h3>\n<p>Die Informationen auf unseren Internetseiten werden mit gr\u00f6\u00dfter Sorgfalt erstellt. Wir \u00fcbernehmen jedoch keine Gew\u00e4hr f\u00fcr deren Vollst\u00e4ndigkeit oder Eignung f\u00fcr bestimmte Verwendungszwecke. S\u00e4mtliche Aussagen auf dieser Seite dienen allein der Information und sind nicht verbindlich. Sie stehen unter dem Vorbehalt jederzeitiger \u00c4nderung. Eine Haftung f\u00fcr die Vollst\u00e4ndigkeit, Richtigkeit und Aktualit\u00e4t der Aussagen wird nicht \u00fcbernommen.<\/p>\n<h3>Internet-Links<\/h3>\n<div>Unsere Webseiten enthalten auch weiterf\u00fchrende Links zu Webseiten anderer Anbieter. Bei der ersten Verkn\u00fcpfung wurde das fremde Angebot auf rechtswidrige Inhalte \u00fcberpr\u00fcft. F\u00fcr fremde Inhalte, die \u00fcber solche Links erreichbar sind, sind wir nicht verantwortlich. Wenn wir feststellen oder darauf hingewiesen werden, dass ein verlinktes Angebot rechtswidrigen Inhalt aufweist, wird dieser Link von unserer Seite entfernt.<\/div>\n<h3>Nutzungsbedingungen<\/h3>\n<p>Wir gestatten das Herunterladen s\u00e4mtlicher Inhalte auf diesen Internetseiten ausschlie\u00dflich zu privatem, nicht-kommerziellem Gebrauch. Bei Vervielf\u00e4ltigung der Inhalte ist auf die Urheber- und Eigentumsrechte ausdr\u00fccklich hinzuweisen. Die Inhalte d\u00fcrfen nicht ver\u00e4ndert und ohne schriftliche Genehmigung auf anderen Internetseiten oder Rechnern genutzt werden. Die Inhalte d\u00fcrfen nicht f\u00fcr \u00f6ffentliche oder kommerzielle Zwecke vervielf\u00e4ltigt, vorgef\u00fchrt, verbreitet oder anderweitig verwertet werden. Ein Versto\u00df gegen diese Bestimmungen verpflichtet zur sofortigen Vernichtung aller ausgedruckten oder heruntergeladenen Inhalte. Die Geltendmachung weiterer Schadensersatzanspr\u00fcche behalten wir uns vor. Ausgenommen hiervon sind die Werbemittel aus dem Downloadbereich der Website.<\/p>\n<h3>Download von Dateien<\/h3>\n<p>F\u00fcr Informationszwecke stellen wir Dateien zum Download bereit. Dieser Download erfolgt auf eigene Gefahr. Wir haften nicht f\u00fcr Sch\u00e4den, die aus der Installation oder der Nutzung von Software aus dem Download-Bereich erfolgen, soweit dies gesetzlich zul\u00e4ssig ist. Trotz aktueller Virenpr\u00fcfung ist eine Haftung f\u00fcr Sch\u00e4den und Beeintr\u00e4chtigungen durch Computerviren im Rahmen der gesetzlichen Regelungen ausgeschlossen.<\/p>\n<\/div>\t\t\t\t\t\t\t\t<\/div>\n\t\t\t\t<\/div>\n\t\t\t\t\t<\/div>\n\t\t<\/div>\n\t\t\t\t\t<\/div>\n\t\t<\/section>\n\t\t\t\t<\/div>\n\t\t","protected":false},"excerpt":{"rendered":"<p>Verantwortlich f\u00fcr den Inhalt nach \u00a7 6 MDStV CP Royal RangersBenjamin HoffmannFabrikstra\u00dfe 1073650 Winterbach Webmaster Michael Lux, Andreas Nusser&nbsp;webmaster@royal-rangers.de Copyrights \/ Urheberrechte [&hellip;]<\/p>\n","protected":false},"author":1,"featured_media":0,"parent":0,"menu_order":0,"comment_status":"closed","ping_status":"closed","template":"","meta":{"footnotes":""},"_links":{"self":[{"href":"https:\/\/test.strahlende-augen.info\/index.php?rest_route=\/wp\/v2\/pages\/2"}],"collection":[{"href":"https:\/\/test.strahlende-augen.info\/index.php?rest_route=\/wp\/v2\/pages"}],"about":[{"href":"https:\/\/test.strahlende-augen.info\/index.php?rest_route=\/wp\/v2\/types\/page"}],"author":[{"embeddable":true,"href":"https:\/\/test.strahlende-augen.info\/index.php?rest_route=\/wp\/v2\/users\/1"}],"replies":[{"embeddable":true,"href":"https:\/\/test.strahlende-augen.info\/index.php?rest_route=%2Fwp%2Fv2%2Fcomments&post=2"}],"version-history":[{"count":9,"href":"https:\/\/test.strahlende-augen.info\/index.php?rest_route=\/wp\/v2\/pages\/2\/revisions"}],"predecessor-version":[{"id":555,"href":"https:\/\/test.strahlende-augen.info\/index.php?rest_route=\/wp\/v2\/pages\/2\/revisions\/555"}],"wp:attachment":[{"href":"https:\/\/test.strahlende-augen.info\/index.php?rest_route=%2Fwp%2Fv2%2Fmedia&parent=2"}],"curies":[{"name":"wp","href":"https:\/\/api.w.org\/{rel}","templated":true}]}}